{"id":889,"date":"2021-09-22T14:08:30","date_gmt":"2021-09-22T12:08:30","guid":{"rendered":"https:\/\/www.hotelgruppe-kelber.de\/web\/?page_id=889"},"modified":"2025-07-15T12:35:47","modified_gmt":"2025-07-15T10:35:47","slug":"geschichte","status":"publish","type":"page","link":"https:\/\/www.hotelgruppe-kelber.de\/en\/geschichte\/","title":{"rendered":"Geschichte der Hotelgruppe Kelber"},"content":{"rendered":"<p><strong>1991<\/strong><br>\u2013 Gr\u00fcndung der <strong>Hotelgruppe Kelber<\/strong> durch Herrn <strong>Hagen Kelber<\/strong><br>\u2013 Er\u00f6ffnung des <strong>Hotel Haus Bremen<\/strong>, einem charmanten, privat gef\u00fchrten Hotel in unmittelbarer N\u00e4he des  Weserstadions \u00a0 <\/p>\n\n\n\n<p><strong>1994<\/strong><br>\u2013 Erwerb einer historischen Bremer Villa am Osterdeich und Umbau zu einem Hotel mit bewohnbarem Turm<br>\u2013 Er\u00f6ffnung des <strong>Turmhotels Weserblick<\/strong> \u2013 erbaut um 1880 und damit das \u00e4lteste Hotelgeb\u00e4ude Bremens \u00a0 <\/p>\n\n\n\n<p><strong>1998<\/strong><br>\u2013 Kauf eines Innenstadtgeb\u00e4udes in Bremen und Umbau zum <strong>Hotel Stadt Bremen<\/strong><br>\u2013 Er\u00f6ffnung des Hotels inklusive der neuen Zentrale der Hotelgruppe Kelber \u00a0 <\/p>\n\n\n\n<p><strong>2001<\/strong><br>\u2013 Erwerb eines ausgemusterten Fahrgastschiffes vom Rhein und Umbau zum <strong>Hotelschiff Perle<\/strong><\/p>\n\n\n\n<p><strong>2002<\/strong><br>\u2013 Er\u00f6ffnung der <strong>Hotelschiffes Perle<\/strong><br>\u2013 Baujahr: 1948 | L\u00e4nge: 24 Meter<br>\u2013 Fester Liegeplatz seit \u00fcber 20 Jahren an der Bremer Schlachte auf der Weser<br>\u2013 Urspr\u00fcnglich als F\u00e4hre auf dem Rhein im Einsatz<br>\u2013 Seit dem 27.07.2002 \u00dcbernachtungsm\u00f6glichkeiten an Bord: zwei komfortable Kaj\u00fcten mit Doppelbett, Bad und Badewanne\/WC \u00a0 <\/p>\n\n\n\n<p><strong>2004<\/strong><br>\u2013 Kauf eines gro\u00dfen Wohngeb\u00e4udes im Bremer Stadtteil Hastedt \u2013 bis dahin das gr\u00f6\u00dfte Objekt der Hotelgruppe \u00a0 <\/p>\n\n\n\n<p><strong>2005<\/strong><br>\u2013 Er\u00f6ffnung des <strong>Hanse Komfort Hotels<\/strong>, sp\u00e4ter 2019 umgebaut und umbenannt in <strong>artHotel Bremen<\/strong><br>\u2013 Neuer Firmensitz der Hotelgruppe Kelber<br>\u2013 Die Hotelgruppe wird Ausbildungsbetrieb \u00a0 <\/p>\n\n\n\n<p><strong>In den Folgejahren<\/strong><br>\u2013 Er\u00f6ffnung weiterer H\u00e4user in Bremen, darunter das <strong>City Hotel Hanseatic Bremen<\/strong> und das <strong>H5 Hotel Bremen<\/strong><br>\u2013 Entwicklung neuer \u00dcbernachtungskonzepte:<br>\u2022 <strong>Wohnmobilstellplatz Bremen<\/strong> auf dem Gel\u00e4nde des artHotel Bremen<br>\u2022 <strong>Mobiles Hotelzimmer<\/strong> f\u00fcr flexible Aufenthalte \u00a0 <\/p>\n\n\n\n<p><strong>2019<\/strong><br>\u2013 Kompletter Umbau des Hanse Komfort Hotels zum <strong>artHotel Bremen<\/strong> mit Kunstwerken internationaler K\u00fcnstler<br>\u2013 Er\u00f6ffnung der <strong>Kunstgalerie artHB<\/strong> direkt neben dem Hotel \u00a0<\/p>\n\n\n\n<hr class=\"wp-block-separator is-style-default\"\/>\n\n\n\n<h3><strong>Heute<\/strong><\/h3>\n\n\n\n<p>Seit \u00fcber 30 Jahren steht die Hotelgruppe Kelber f\u00fcr innovative Hotellerie mit famili\u00e4rem Charakter und einem Gesp\u00fcr f\u00fcr besondere Orte. Der Gr\u00fcnder <strong>Hagen Kelber<\/strong> hat den Erfolg der Gruppe durch Engagement, Weitblick und Leidenschaft aufgebaut \u2013 ein Erbe mit Geschichte: Bereits sein Urgro\u00dfvater f\u00fchrte das <strong>Hotel Norddeutscher Hof<\/strong> am Bremer Hauptbahnhof. \u00a0 Die n\u00e4chste Generation steht schon bereit: 2013 wurde der Sohn von Elena und Hagen Kelber geboren. \u00a0 <\/p>\n\n\n\n<p><strong>Zur Hotelgruppe Kelber geh\u00f6ren heute:<\/strong><br>\u2013 <strong>artHotel Bremen<\/strong><br>\u2013 <strong>Turmhotel Weserblick<\/strong><br>\u2013 <strong>Hotel Haus Bremen<\/strong><br>\u2013 <strong>H5 Hotel Bremen<\/strong><br>\u2013 <strong>City Hotel Hanseatic Bremen<\/strong><br>\u2013 <strong>Hotelschiff Perle<\/strong><br>\u2013 <strong>Wohnmobilstellplatz Bremen<\/strong><br>\u2013 <strong>Mobiles Hotelzimmer<\/strong><br>\u2013 <strong>Kunstgalerie artHB<\/strong><\/p>","protected":false},"excerpt":{"rendered":"<p>1991\u2013 Gr\u00fcndung der Hotelgruppe Kelber durch Herrn Hagen Kelber\u2013 Er\u00f6ffnung des Hotel Haus Bremen, einem charmanten, privat gef\u00fchrten Hotel in unmittelbarer N\u00e4he des Weserstadions \u00a0 1994\u2013 Erwerb einer historischen Bremer &#8230; <\/p>\n<div class=\"text-center\"><a class=\"more-link\" href=\"https:\/\/www.hotelgruppe-kelber.de\/en\/geschichte\/\">Mehr erfahren <i class=\"fa fa-angle-double-right\"><\/i><\/a><\/div>","protected":false},"author":1,"featured_media":1036,"parent":0,"menu_order":0,"comment_status":"closed","ping_status":"closed","template":"","meta":[],"_links":{"self":[{"href":"https:\/\/www.hotelgruppe-kelber.de\/en\/wp-json\/wp\/v2\/pages\/889"}],"collection":[{"href":"https:\/\/www.hotelgruppe-kelber.de\/en\/wp-json\/wp\/v2\/pages"}],"about":[{"href":"https:\/\/www.hotelgruppe-kelber.de\/en\/wp-json\/wp\/v2\/types\/page"}],"author":[{"embeddable":true,"href":"https:\/\/www.hotelgruppe-kelber.de\/en\/wp-json\/wp\/v2\/users\/1"}],"replies":[{"embeddable":true,"href":"https:\/\/www.hotelgruppe-kelber.de\/en\/wp-json\/wp\/v2\/comments?post=889"}],"version-history":[{"count":7,"href":"https:\/\/www.hotelgruppe-kelber.de\/en\/wp-json\/wp\/v2\/pages\/889\/revisions"}],"predecessor-version":[{"id":1045,"href":"https:\/\/www.hotelgruppe-kelber.de\/en\/wp-json\/wp\/v2\/pages\/889\/revisions\/1045"}],"wp:featuredmedia":[{"embeddable":true,"href":"https:\/\/www.hotelgruppe-kelber.de\/en\/wp-json\/wp\/v2\/media\/1036"}],"wp:attachment":[{"href":"https:\/\/www.hotelgruppe-kelber.de\/en\/wp-json\/wp\/v2\/media?parent=889"}],"curies":[{"name":"wp","href":"https:\/\/api.w.org\/{rel}","templated":true}]}}