{"id":5,"date":"2019-07-04T14:23:38","date_gmt":"2019-07-04T12:23:38","guid":{"rendered":"https:\/\/www.arthotel-bremen.de\/?page_id=5"},"modified":"2025-07-21T11:51:32","modified_gmt":"2025-07-21T09:51:32","slug":"homepage","status":"publish","type":"page","link":"https:\/\/www.hotelgruppe-kelber.de\/en\/","title":{"rendered":"Homepage"},"content":{"rendered":"<div style=\"height:50px\" aria-hidden=\"true\" class=\"wp-block-spacer\"><\/div>\n\n\n\n\n\n<\/p>\n\n\n\n<div id=\"booknow\" style=\"position:relative;padding-bottom: 130px;\"><div style=\"position:absolute;width:100%;z-index: 100;\"><iframe loading=\"lazy\" src=\"https:\/\/www.dhob.de\/bhash=hu3b93m1632307756-ch_l=2\" width=\"100%\" height=\"100%\" name=\"bookingbox\" scrolling=\"no\" marginheight=\"0\" marginwidth=\"0\" frameborder=\"0\" style=\"min-height: 550px;\"><\/iframe><\/div><\/div>\n\n\n<p>\n\n\n\n<div style=\"height:312px\" aria-hidden=\"true\" class=\"wp-block-spacer service-icons\"><\/div>\n\n\n\n<p class=\"bf-block-padding\" style=\"font-size:25px\">Welcome!<\/p>\n\n\n\n<p>Welcome to Hotelgruppe Kelber Bremen!<\/p>\n\n\n\n<p class=\" translation-block\">The hotel group <strong>Kelber Bremen<\/strong> includes a total of six hotels, one hotel ship, and one motorhome site: <strong>artHotel Bremen<\/strong>, <strong>City Hotel Hanseatic Bremen<\/strong>, <strong>Turmhotel Weserblick Bremen<\/strong>, <strong>Hotel Haus Bremen garni,<\/strong> the <strong>hotel ship Perle Bremen,<\/strong> <strong>H5 Hotel Bremen,<\/strong> <strong>Design Apartments Bremen,<\/strong> and the <strong>Bremen motorhome site<\/strong>.<\/p>\n\n\n\n<p>Our properties are known for their personal atmosphere and individual charm. <\/p>\n\n\n\n<p class=\" translation-block\">You\u2019ll find us in the most important and central locations throughout the city: <br>whether near <strong>Bremen Airport<\/strong>, the <strong>Weser Stadium<\/strong>, the <strong>Bremen-Mitte<\/strong> and <strong>Links der Weser hospitals<\/strong>, in the <strong>city center<\/strong>, along the <strong>Schlachte<\/strong>, by the <strong>Congress Center<\/strong>, or close to the <strong>Mercedes-Benz plant<\/strong> \u2013 we\u2019re here for you all across Bremen.<\/p>\n\n\n\n<p class=\" translation-block\">Whether you're traveling for business, attending a conference, or on a family vacation \u2013 our hotels offer modern and individually furnished rooms at fair prices. <br>Curious? You can book your rooms and apartments anytime through our own <strong>hotel booking system<\/strong> \u2013 easy, convenient, and at the <strong>guaranteed best price<\/strong>.<\/p>\n\n\n\n<p><em> <\/em><\/p>","protected":false},"excerpt":{"rendered":"<p>Herzlich Willkommen! Die Hotelgruppe Kelber Bremen begr\u00fc\u00dft Sie in der Hansestadt Bremen! Zur Hotelgruppe Kelber Bremen geh\u00f6ren insgesamt sechs Hotels, ein Hotelschiff und ein Wohnmobilstellplatz: das artHotel Bremen, das City &#8230; <\/p>\n<div class=\"text-center\"><a class=\"more-link\" href=\"https:\/\/www.hotelgruppe-kelber.de\/en\/\">Mehr erfahren <i class=\"fa fa-angle-double-right\"><\/i><\/a><\/div>","protected":false},"author":1,"featured_media":0,"parent":0,"menu_order":0,"comment_status":"closed","ping_status":"closed","template":"template-homepage.php","meta":[],"_links":{"self":[{"href":"https:\/\/www.hotelgruppe-kelber.de\/en\/wp-json\/wp\/v2\/pages\/5"}],"collection":[{"href":"https:\/\/www.hotelgruppe-kelber.de\/en\/wp-json\/wp\/v2\/pages"}],"about":[{"href":"https:\/\/www.hotelgruppe-kelber.de\/en\/wp-json\/wp\/v2\/types\/page"}],"author":[{"embeddable":true,"href":"https:\/\/www.hotelgruppe-kelber.de\/en\/wp-json\/wp\/v2\/users\/1"}],"replies":[{"embeddable":true,"href":"https:\/\/www.hotelgruppe-kelber.de\/en\/wp-json\/wp\/v2\/comments?post=5"}],"version-history":[{"count":49,"href":"https:\/\/www.hotelgruppe-kelber.de\/en\/wp-json\/wp\/v2\/pages\/5\/revisions"}],"predecessor-version":[{"id":1046,"href":"https:\/\/www.hotelgruppe-kelber.de\/en\/wp-json\/wp\/v2\/pages\/5\/revisions\/1046"}],"wp:attachment":[{"href":"https:\/\/www.hotelgruppe-kelber.de\/en\/wp-json\/wp\/v2\/media?parent=5"}],"curies":[{"name":"wp","href":"https:\/\/api.w.org\/{rel}","templated":true}]}}